{"id":29,"date":"2024-04-06T13:06:51","date_gmt":"2024-04-06T13:06:51","guid":{"rendered":"https:\/\/lejuraacheval.ch\/?page_id=29"},"modified":"2024-10-25T06:59:23","modified_gmt":"2024-10-25T06:59:23","slug":"angebot-und-preise","status":"publish","type":"page","link":"https:\/\/lejuraacheval.ch\/fr_ch\/angebot-und-preise\/","title":{"rendered":"Angebot und Preise"},"content":{"rendered":"<h2 class=\"wp-block-heading\"><strong>Begleiteter Ausritt oder gef\u00fchrter Spaziergang (auch f\u00fcr Kinder)<\/strong><\/h2>\n\n\n\n<p>Die Stunde mit dem Pferd kostet Pauschal 30CHF pro Stunde und Pferd, dazu pauschal 30CHF f\u00fcr unsere Begleitung.<\/p>\n\n\n\n<p><\/p>\n\n\n\n<figure class=\"wp-block-table\"><table class=\"has-fixed-layout\"><tbody><tr><td>Waldritt kurz<\/td><td>1-1.5 Stunden<\/td><\/tr><tr><td>Waldritt lange<\/td><td>2-2.5 Stunden<\/td><\/tr><tr><td>Panoramaritt<\/td><td>2.5-3 Stunden<\/td><\/tr><tr><td>Ausritt \u00e9tang de bollement<\/td><td>2.5-3 Stunden<\/td><\/tr><\/tbody><\/table><\/figure>\n\n\n\n<p>inklusive Pferd selber bereit machen und eventuell kurze Einf\u00fchrung auf unserem Roundpen bevor wir losreiten.<\/p>\n\n\n\n<h2 class=\"wp-block-heading\"><strong>\u00dcbernachtung \/ Unterkunft<\/strong><\/h2>\n\n\n\n<p>Unsere detaillierten <strong><a href=\"https:\/\/lejuraacheval.ch\/fr_ch\/unterkunft\/\">\u00dcbernachtungsm\u00f6glichkeiten finden Sie hier.<\/a><\/strong><\/p>\n\n\n\n<p><\/p>\n\n\n\n<h2 class=\"wp-block-heading\"><strong>Verpflegung<\/strong><\/h2>\n\n\n\n<p>Gerne k\u00f6nnen Sie sich mit uns in Verbindung setzen. Kochen auf dem Feuer ist auch m\u00f6glich.<\/p>\n\n\n\n<p><\/p>\n\n\n\n<p><\/p>\n\n\n\n<p><\/p>\n\n\n\n<h2 class=\"wp-block-heading\"><strong>Besondere Angebote f\u00fcr Familien mit Kind\/er<\/strong><\/h2>\n\n\n\n<figure class=\"wp-block-table\"><table class=\"has-fixed-layout\"><tbody><tr><td>Spaziergang mit Ziegen<\/td><td>1.5-2 Stunden<\/td><td>gef\u00fchrt<\/td><td>mit M\u00e4rli und Picnic<\/td><\/tr><tr><td>Spaziergang mit Pferd<\/td><td>1 Stunde<\/td><td>gef\u00fchrt<\/td><td>Gef\u00fchrter Spaziergang f\u00fcr Kinder<\/td><\/tr><tr><td>Entdeckung des Pferdes<\/td><td>30 Min. bis 1 Stunde<\/td><td>begleitet<\/td><td>Kontaktaufnahme mit dem Pferd (Pflege, kleiner Spaziergang)<\/td><\/tr><\/tbody><\/table><\/figure>\n\n\n\n<p>Falls Sie eine Abweichung von unserem Standardprogramm w\u00fcnschen, kontaktieren Sie uns gerne und wir erstellen Ihnen eine pers\u00f6nliche Offerte, welche Ihren W\u00fcnschen und Bed\u00fcrfnissen entspricht.<\/p>\n\n\n\n<p><strong>Pferde sind bei uns willkommen<\/strong><\/p>\n\n\n\n<p>Wir haben Platz f\u00fcr ein Pferd bei uns im Offenstall. Bei Interesse einfach bei uns melden.<\/p>\n\n\n\n<p>F\u00fcr s\u00e4mtliche bei uns bezogenen Angeboten oder Dienstleistungen gelten unsere <a href=\"https:\/\/lejuraacheval.ch\/fr_ch\/?page_id=32\">Allgemeinen Gesch\u00e4ftsbestimmungen<\/a>!<br><\/p>\n\n\n\n<p><\/p>","protected":false},"excerpt":{"rendered":"<p>Begleiteter Ausritt oder gef\u00fchrter Spaziergang (auch f\u00fcr Kinder) Die Stunde mit dem Pferd kostet Pauschal 30CHF pro Stunde und Pferd, dazu pauschal 30CHF f\u00fcr unsere Begleitung. Waldritt kurz 1-1.5 Stunden Waldritt lange 2-2.5 Stunden Panoramaritt 2.5-3 Stunden Ausritt \u00e9tang de<\/p>","protected":false},"author":2,"featured_media":0,"parent":0,"menu_order":0,"comment_status":"closed","ping_status":"closed","template":"","meta":{"footnotes":""},"class_list":["post-29","page","type-page","status-publish","hentry"],"yoast_head":"<!-- This site is optimized with the Yoast SEO plugin v27.4 - https:\/\/yoast.com\/product\/yoast-seo-wordpress\/ -->\n<title>Angebot und Preise - lejuraacheval.ch<\/title>\n<meta name=\"robots\" content=\"index, follow, max-snippet:-1, max-image-preview:large, max-video-preview:-1\" \/>\n<link rel=\"canonical\" href=\"https:\/\/lejuraacheval.ch\/fr_ch\/angebot-und-preise\/\" \/>\n<meta property=\"og:locale\" content=\"fr_FR\" \/>\n<meta property=\"og:type\" content=\"article\" \/>\n<meta property=\"og:title\" content=\"Angebot und Preise - lejuraacheval.ch\" \/>\n<meta property=\"og:description\" content=\"Begleiteter Ausritt oder gef\u00fchrter Spaziergang (auch f\u00fcr Kinder) Die Stunde mit dem Pferd kostet Pauschal 30CHF pro Stunde und Pferd, dazu pauschal 30CHF f\u00fcr unsere Begleitung. Waldritt kurz 1-1.5 Stunden Waldritt lange 2-2.5 Stunden Panoramaritt 2.5-3 Stunden Ausritt \u00e9tang de\" \/>\n<meta property=\"og:url\" content=\"https:\/\/lejuraacheval.ch\/fr_ch\/angebot-und-preise\/\" \/>\n<meta property=\"og:site_name\" content=\"lejuraacheval.ch\" \/>\n<meta property=\"article:modified_time\" content=\"2024-10-25T06:59:23+00:00\" \/>\n<meta name=\"twitter:card\" content=\"summary_large_image\" \/>\n<meta name=\"twitter:label1\" content=\"Dur\u00e9e de lecture estim\u00e9e\" \/>\n\t<meta name=\"twitter:data1\" content=\"2 minutes\" \/>\n<script type=\"application\/ld+json\" class=\"yoast-schema-graph\">{\"@context\":\"https:\\\/\\\/schema.org\",\"@graph\":[{\"@type\":\"WebPage\",\"@id\":\"https:\\\/\\\/lejuraacheval.ch\\\/angebot-und-preise\\\/\",\"url\":\"https:\\\/\\\/lejuraacheval.ch\\\/angebot-und-preise\\\/\",\"name\":\"Angebot und Preise - lejuraacheval.ch\",\"isPartOf\":{\"@id\":\"https:\\\/\\\/lejuraacheval.ch\\\/#website\"},\"datePublished\":\"2024-04-06T13:06:51+00:00\",\"dateModified\":\"2024-10-25T06:59:23+00:00\",\"breadcrumb\":{\"@id\":\"https:\\\/\\\/lejuraacheval.ch\\\/angebot-und-preise\\\/#breadcrumb\"},\"inLanguage\":\"fr-FR\",\"potentialAction\":[{\"@type\":\"ReadAction\",\"target\":[\"https:\\\/\\\/lejuraacheval.ch\\\/angebot-und-preise\\\/\"]}]},{\"@type\":\"BreadcrumbList\",\"@id\":\"https:\\\/\\\/lejuraacheval.ch\\\/angebot-und-preise\\\/#breadcrumb\",\"itemListElement\":[{\"@type\":\"ListItem\",\"position\":1,\"name\":\"Startseite\",\"item\":\"https:\\\/\\\/lejuraacheval.ch\\\/\"},{\"@type\":\"ListItem\",\"position\":2,\"name\":\"Angebot und Preise\"}]},{\"@type\":\"WebSite\",\"@id\":\"https:\\\/\\\/lejuraacheval.ch\\\/#website\",\"url\":\"https:\\\/\\\/lejuraacheval.ch\\\/\",\"name\":\"lejuraacheval.ch\",\"description\":\"\",\"potentialAction\":[{\"@type\":\"SearchAction\",\"target\":{\"@type\":\"EntryPoint\",\"urlTemplate\":\"https:\\\/\\\/lejuraacheval.ch\\\/?s={search_term_string}\"},\"query-input\":{\"@type\":\"PropertyValueSpecification\",\"valueRequired\":true,\"valueName\":\"search_term_string\"}}],\"inLanguage\":\"fr-FR\"}]}<\/script>\n<!-- \/ Yoast SEO plugin. -->","yoast_head_json":{"title":"Angebot und Preise - lejuraacheval.ch","robots":{"index":"index","follow":"follow","max-snippet":"max-snippet:-1","max-image-preview":"max-image-preview:large","max-video-preview":"max-video-preview:-1"},"canonical":"https:\/\/lejuraacheval.ch\/fr_ch\/angebot-und-preise\/","og_locale":"fr_FR","og_type":"article","og_title":"Angebot und Preise - lejuraacheval.ch","og_description":"Begleiteter Ausritt oder gef\u00fchrter Spaziergang (auch f\u00fcr Kinder) Die Stunde mit dem Pferd kostet Pauschal 30CHF pro Stunde und Pferd, dazu pauschal 30CHF f\u00fcr unsere Begleitung. Waldritt kurz 1-1.5 Stunden Waldritt lange 2-2.5 Stunden Panoramaritt 2.5-3 Stunden Ausritt \u00e9tang de","og_url":"https:\/\/lejuraacheval.ch\/fr_ch\/angebot-und-preise\/","og_site_name":"lejuraacheval.ch","article_modified_time":"2024-10-25T06:59:23+00:00","twitter_card":"summary_large_image","twitter_misc":{"Dur\u00e9e de lecture estim\u00e9e":"2 minutes"},"schema":{"@context":"https:\/\/schema.org","@graph":[{"@type":"WebPage","@id":"https:\/\/lejuraacheval.ch\/angebot-und-preise\/","url":"https:\/\/lejuraacheval.ch\/angebot-und-preise\/","name":"Angebot und Preise - lejuraacheval.ch","isPartOf":{"@id":"https:\/\/lejuraacheval.ch\/#website"},"datePublished":"2024-04-06T13:06:51+00:00","dateModified":"2024-10-25T06:59:23+00:00","breadcrumb":{"@id":"https:\/\/lejuraacheval.ch\/angebot-und-preise\/#breadcrumb"},"inLanguage":"fr-FR","potentialAction":[{"@type":"ReadAction","target":["https:\/\/lejuraacheval.ch\/angebot-und-preise\/"]}]},{"@type":"BreadcrumbList","@id":"https:\/\/lejuraacheval.ch\/angebot-und-preise\/#breadcrumb","itemListElement":[{"@type":"ListItem","position":1,"name":"Startseite","item":"https:\/\/lejuraacheval.ch\/"},{"@type":"ListItem","position":2,"name":"Angebot und Preise"}]},{"@type":"WebSite","@id":"https:\/\/lejuraacheval.ch\/#website","url":"https:\/\/lejuraacheval.ch\/","name":"lejuraacheval.ch","description":"","potentialAction":[{"@type":"SearchAction","target":{"@type":"EntryPoint","urlTemplate":"https:\/\/lejuraacheval.ch\/?s={search_term_string}"},"query-input":{"@type":"PropertyValueSpecification","valueRequired":true,"valueName":"search_term_string"}}],"inLanguage":"fr-FR"}]}},"jetpack_sharing_enabled":true,"_links":{"self":[{"href":"https:\/\/lejuraacheval.ch\/fr_ch\/wp-json\/wp\/v2\/pages\/29","targetHints":{"allow":["GET"]}}],"collection":[{"href":"https:\/\/lejuraacheval.ch\/fr_ch\/wp-json\/wp\/v2\/pages"}],"about":[{"href":"https:\/\/lejuraacheval.ch\/fr_ch\/wp-json\/wp\/v2\/types\/page"}],"author":[{"embeddable":true,"href":"https:\/\/lejuraacheval.ch\/fr_ch\/wp-json\/wp\/v2\/users\/2"}],"replies":[{"embeddable":true,"href":"https:\/\/lejuraacheval.ch\/fr_ch\/wp-json\/wp\/v2\/comments?post=29"}],"version-history":[{"count":18,"href":"https:\/\/lejuraacheval.ch\/fr_ch\/wp-json\/wp\/v2\/pages\/29\/revisions"}],"predecessor-version":[{"id":214,"href":"https:\/\/lejuraacheval.ch\/fr_ch\/wp-json\/wp\/v2\/pages\/29\/revisions\/214"}],"wp:attachment":[{"href":"https:\/\/lejuraacheval.ch\/fr_ch\/wp-json\/wp\/v2\/media?parent=29"}],"curies":[{"name":"wp","href":"https:\/\/api.w.org\/{rel}","templated":true}]}}