{"id":34,"date":"2024-04-08T18:44:09","date_gmt":"2024-04-08T18:44:09","guid":{"rendered":"https:\/\/lejuraacheval.ch\/?page_id=34"},"modified":"2025-10-13T06:05:57","modified_gmt":"2025-10-13T06:05:57","slug":"reiten-im-jura","status":"publish","type":"page","link":"https:\/\/lejuraacheval.ch\/fr_ch\/","title":{"rendered":"Startseite"},"content":{"rendered":"<p>Malheureusement, tout le contenu n'est pas encore disponible en fran\u00e7ais. Cela va bient\u00f4t changer.\n\n\n\nLes chevaux sont notre miroir et nous permettent d'apprendre, pour autant que nous le voulions et que nous le permettions. La solution : l'\u00e9quitation (cheval) dans le Jura.<\/p>\n\n\n\n<p>Erleben Sie eine Auszeit aus dem hektischen Alltag!<\/p>\n\n\n\n<p>Zusammen mit unseren Pferden \u2013 eintauchen ins Jetzt \u2013 im Einklang mit der wundersch\u00f6nen Natur im Jura.<br>Eine Auszeit aus dem hektischen Alltag geniessen? Mit Ihren Kindern zusammen die Welt der Pferde entdecken? Die Gedanken ruhen lassen? Einen Spaziergang oder einen gef\u00fchrten Ausritt? Wir sind offen f\u00fcr alle W\u00fcnsche und Bed\u00fcrfnisse und freuen uns auf eine unverbindliche Kontaktaufnahme.<br>Mit unseren Pferden und uns, geniessen Sie Momente der Stille, des Vertrauens und des Loslassens.<\/p>\n\n\n\n<blockquote class=\"wp-block-quote is-layout-flow wp-block-quote-is-layout-flow\">\n<p><em><strong>Die sch\u00f6nsten Dinge im Leben kann man nicht kaufen. Sie m\u00fcssen erlebt werden<\/strong><\/em><\/p>\n<cite><strong><em>Henry David Thoreau<\/em><\/strong><\/cite><\/blockquote>\n\n\n\n<figure class=\"wp-block-gallery has-nested-images columns-5 is-cropped wp-block-gallery-1 is-layout-flex wp-block-gallery-is-layout-flex\">\n<figure class=\"wp-block-image size-large\"><a href=\"https:\/\/lejuraacheval.ch\/wp-content\/uploads\/2024\/04\/20240412_112723-min-scaled.jpg\"><img loading=\"lazy\" decoding=\"async\" width=\"1024\" height=\"768\" data-id=\"129\" src=\"https:\/\/lejuraacheval.ch\/wp-content\/uploads\/2024\/04\/20240412_112723-min-1024x768.jpg\" alt=\"\" class=\"wp-image-129\" srcset=\"https:\/\/lejuraacheval.ch\/wp-content\/uploads\/2024\/04\/20240412_112723-min-1024x768.jpg 1024w, https:\/\/lejuraacheval.ch\/wp-content\/uploads\/2024\/04\/20240412_112723-min-300x225.jpg 300w, https:\/\/lejuraacheval.ch\/wp-content\/uploads\/2024\/04\/20240412_112723-min-768x576.jpg 768w, https:\/\/lejuraacheval.ch\/wp-content\/uploads\/2024\/04\/20240412_112723-min-1536x1152.jpg 1536w, https:\/\/lejuraacheval.ch\/wp-content\/uploads\/2024\/04\/20240412_112723-min-2048x1536.jpg 2048w\" sizes=\"auto, (max-width: 1024px) 100vw, 1024px\" \/><\/a><\/figure>\n\n\n\n<figure class=\"wp-block-image size-medium\"><a href=\"https:\/\/lejuraacheval.ch\/wp-content\/uploads\/2024\/04\/Bild6.jpg\"><img loading=\"lazy\" decoding=\"async\" width=\"300\" height=\"225\" data-id=\"44\" src=\"https:\/\/lejuraacheval.ch\/wp-content\/uploads\/2024\/04\/Bild6-300x225.jpg\" alt=\"unser Auslauf - Reiten im Jura\" class=\"wp-image-44\" srcset=\"https:\/\/lejuraacheval.ch\/wp-content\/uploads\/2024\/04\/Bild6-300x225.jpg 300w, https:\/\/lejuraacheval.ch\/wp-content\/uploads\/2024\/04\/Bild6.jpg 420w\" sizes=\"auto, (max-width: 300px) 100vw, 300px\" \/><\/a><\/figure>\n\n\n\n<figure class=\"wp-block-image size-medium\"><a href=\"https:\/\/lejuraacheval.ch\/wp-content\/uploads\/2024\/04\/Bild2.jpg\"><img loading=\"lazy\" decoding=\"async\" width=\"300\" height=\"225\" data-id=\"41\" src=\"https:\/\/lejuraacheval.ch\/wp-content\/uploads\/2024\/04\/Bild2-300x225.jpg\" alt=\"\" class=\"wp-image-41\" srcset=\"https:\/\/lejuraacheval.ch\/wp-content\/uploads\/2024\/04\/Bild2-300x225.jpg 300w, https:\/\/lejuraacheval.ch\/wp-content\/uploads\/2024\/04\/Bild2.jpg 541w\" sizes=\"auto, (max-width: 300px) 100vw, 300px\" \/><\/a><\/figure>\n\n\n\n<figure class=\"wp-block-image size-medium\"><a href=\"https:\/\/lejuraacheval.ch\/wp-content\/uploads\/2024\/04\/Bild7.jpg\"><img loading=\"lazy\" decoding=\"async\" width=\"300\" height=\"225\" data-id=\"47\" src=\"https:\/\/lejuraacheval.ch\/wp-content\/uploads\/2024\/04\/Bild7-300x225.jpg\" alt=\"Pferde\" class=\"wp-image-47\" srcset=\"https:\/\/lejuraacheval.ch\/wp-content\/uploads\/2024\/04\/Bild7-300x225.jpg 300w, https:\/\/lejuraacheval.ch\/wp-content\/uploads\/2024\/04\/Bild7-768x576.jpg 768w, https:\/\/lejuraacheval.ch\/wp-content\/uploads\/2024\/04\/Bild7.jpg 816w\" sizes=\"auto, (max-width: 300px) 100vw, 300px\" \/><\/a><\/figure>\n\n\n\n<figure class=\"wp-block-image size-medium\"><a href=\"https:\/\/lejuraacheval.ch\/wp-content\/uploads\/2024\/04\/Bild3.jpg\"><img loading=\"lazy\" decoding=\"async\" width=\"300\" height=\"225\" data-id=\"43\" src=\"https:\/\/lejuraacheval.ch\/wp-content\/uploads\/2024\/04\/Bild3-300x225.jpg\" alt=\"\" class=\"wp-image-43\" srcset=\"https:\/\/lejuraacheval.ch\/wp-content\/uploads\/2024\/04\/Bild3-300x225.jpg 300w, https:\/\/lejuraacheval.ch\/wp-content\/uploads\/2024\/04\/Bild3.jpg 612w\" sizes=\"auto, (max-width: 300px) 100vw, 300px\" \/><\/a><\/figure>\n\n\n\n<figure class=\"wp-block-image size-medium\"><a href=\"https:\/\/lejuraacheval.ch\/wp-content\/uploads\/2024\/04\/Bild4.jpg\"><img loading=\"lazy\" decoding=\"async\" width=\"300\" height=\"225\" data-id=\"42\" src=\"https:\/\/lejuraacheval.ch\/wp-content\/uploads\/2024\/04\/Bild4-300x225.jpg\" alt=\"Perd im Jura\" class=\"wp-image-42\" srcset=\"https:\/\/lejuraacheval.ch\/wp-content\/uploads\/2024\/04\/Bild4-300x225.jpg 300w, https:\/\/lejuraacheval.ch\/wp-content\/uploads\/2024\/04\/Bild4.jpg 533w\" sizes=\"auto, (max-width: 300px) 100vw, 300px\" \/><\/a><\/figure>\n\n\n\n<figure class=\"wp-block-image size-medium\"><a href=\"https:\/\/lejuraacheval.ch\/wp-content\/uploads\/2024\/04\/Bild1.jpg\"><img loading=\"lazy\" decoding=\"async\" width=\"300\" height=\"225\" data-id=\"46\" src=\"https:\/\/lejuraacheval.ch\/wp-content\/uploads\/2024\/04\/Bild1-300x225.jpg\" alt=\"Koppel\" class=\"wp-image-46\" srcset=\"https:\/\/lejuraacheval.ch\/wp-content\/uploads\/2024\/04\/Bild1-300x225.jpg 300w, https:\/\/lejuraacheval.ch\/wp-content\/uploads\/2024\/04\/Bild1.jpg 628w\" sizes=\"auto, (max-width: 300px) 100vw, 300px\" \/><\/a><\/figure>\n\n\n\n<figure class=\"wp-block-image size-large\"><a href=\"https:\/\/lejuraacheval.ch\/wp-content\/uploads\/2024\/04\/20240412_113245-min-scaled.jpg\"><img loading=\"lazy\" decoding=\"async\" width=\"1024\" height=\"768\" data-id=\"131\" src=\"https:\/\/lejuraacheval.ch\/wp-content\/uploads\/2024\/04\/20240412_113245-min-1024x768.jpg\" alt=\"\" class=\"wp-image-131\" srcset=\"https:\/\/lejuraacheval.ch\/wp-content\/uploads\/2024\/04\/20240412_113245-min-1024x768.jpg 1024w, https:\/\/lejuraacheval.ch\/wp-content\/uploads\/2024\/04\/20240412_113245-min-300x225.jpg 300w, https:\/\/lejuraacheval.ch\/wp-content\/uploads\/2024\/04\/20240412_113245-min-768x576.jpg 768w, https:\/\/lejuraacheval.ch\/wp-content\/uploads\/2024\/04\/20240412_113245-min-1536x1152.jpg 1536w, https:\/\/lejuraacheval.ch\/wp-content\/uploads\/2024\/04\/20240412_113245-min-2048x1536.jpg 2048w\" sizes=\"auto, (max-width: 1024px) 100vw, 1024px\" \/><\/a><\/figure>\n\n\n\n<figure class=\"wp-block-image size-medium\"><a href=\"https:\/\/lejuraacheval.ch\/wp-content\/uploads\/2024\/04\/Bild5.jpg\"><img loading=\"lazy\" decoding=\"async\" width=\"300\" height=\"225\" data-id=\"45\" src=\"https:\/\/lejuraacheval.ch\/wp-content\/uploads\/2024\/04\/Bild5-300x225.jpg\" alt=\"unser Hof\" class=\"wp-image-45\" srcset=\"https:\/\/lejuraacheval.ch\/wp-content\/uploads\/2024\/04\/Bild5-300x225.jpg 300w, https:\/\/lejuraacheval.ch\/wp-content\/uploads\/2024\/04\/Bild5.jpg 766w\" sizes=\"auto, (max-width: 300px) 100vw, 300px\" \/><\/a><\/figure>\n<\/figure>\n\n\n\n<p>Pferdest\u00e4lle gibt es viele im Jura. Auch Reiten kann man vielerorts. Bei uns ist das sehr pers\u00f6nlich egal ob in einer Stunde, 3 Stunden oder Mehrt\u00e4gig: Im Fokus sind Sie, das Pferd und der wundersch\u00f6ne Jura. <a href=\"https:\/\/www.google.com\/maps\/place\/Le+Creux+3,+2874+Saint-Brais\/@47.3043422,7.1106238,17z\/data=!3m1!4b1!4m6!3m5!1s0x4791fc744da91e1f:0x2d34b53e4b7a00b!8m2!3d47.3043386!4d7.1131987!16s%2Fg%2F11c2h8mrqr?entry=ttu\">Unser Hof<\/a> ist in <a href=\"https:\/\/saint-brais.ch\/\">Saint-Brais<\/a> im sch\u00f6nen Bezirk Franches-Montagnes im Schweizer Kanton Jura, etwa 20km Fahrstrecke s\u00fcdwestlich von Delsberg\/Del\u00e9mont.<\/p>\n\n\n\n<p>Neben unserem <a href=\"https:\/\/lejuraacheval.ch\/fr_ch\/?page_id=29\">Standardangebot<\/a> bieten wir selbstverst\u00e4ndlich auch massgeschneiderte Angebote f\u00fcr Sie pers\u00f6nlich, Sie und Ihren Partner, Ihre Familie oder auch Ihr Team an. Lernen Sie sich, unsere wundersch\u00f6ne Natur und das Tier von einer v\u00f6llig neuen Seite kennen. <\/p>\n\n\n\n<p><strong>Kontakt:<\/strong><\/p>\n\n\n\n<p><br>Ferme le Creux S\u00e0rl<\/p>\n\n\n\n<p>Familie Dingnis<br>Le Creux 3<br>2364 St.-Brais<br>Tel. 079 442 15 63<br>E-mail: info.lejuraacheval@gmail.com<\/p>\n\n\n\n<p>F\u00fcr s\u00e4mtliche bei uns bezogenen Leistungen gelten unsere <a href=\"https:\/\/lejuraacheval.ch\/fr_ch\/?page_id=32\">AGB<\/a><\/p>\n\n\n\n<p><\/p>","protected":false},"excerpt":{"rendered":"<p>Die Pferde sind unser Spiegel und erm\u00f6glichen uns zu lernen, sofern wir dies wollen und zulassen. Die L\u00f6sung: Reiten (Pferd) im Jura. Erleben Sie eine Auszeit aus dem hektischen Alltag! Zusammen mit unseren Pferden \u2013 eintauchen ins Jetzt \u2013 im<\/p>","protected":false},"author":2,"featured_media":0,"parent":0,"menu_order":0,"comment_status":"closed","ping_status":"closed","template":"","meta":{"footnotes":""},"class_list":["post-34","page","type-page","status-publish","hentry"],"yoast_head":"<!-- This site is optimized with the Yoast SEO plugin v27.4 - https:\/\/yoast.com\/product\/yoast-seo-wordpress\/ -->\n<title>Reiten im Jura - lejuraacheval.ch<\/title>\n<meta name=\"description\" content=\"Pferd im Jura? Die Pferde sind unser Spiegel und erm\u00f6glichen uns zu lernen, sofern wir dies wollen und zulassen. Jetzt eintauchen!\" \/>\n<meta name=\"robots\" content=\"index, follow, max-snippet:-1, max-image-preview:large, max-video-preview:-1\" \/>\n<link rel=\"canonical\" href=\"https:\/\/lejuraacheval.ch\/fr_ch\/\" \/>\n<meta property=\"og:locale\" content=\"fr_FR\" \/>\n<meta property=\"og:type\" content=\"article\" \/>\n<meta property=\"og:title\" content=\"Reiten im Jura - lejuraacheval.ch\" \/>\n<meta property=\"og:description\" content=\"Pferd im Jura? Die Pferde sind unser Spiegel und erm\u00f6glichen uns zu lernen, sofern wir dies wollen und zulassen. Jetzt eintauchen!\" \/>\n<meta property=\"og:url\" content=\"https:\/\/lejuraacheval.ch\/fr_ch\/\" \/>\n<meta property=\"og:site_name\" content=\"lejuraacheval.ch\" \/>\n<meta property=\"article:modified_time\" content=\"2025-10-13T06:05:57+00:00\" \/>\n<meta property=\"og:image\" content=\"https:\/\/lejuraacheval.ch\/wp-content\/uploads\/2024\/04\/Bild7-300x225.jpg\" \/>\n<meta name=\"twitter:card\" content=\"summary_large_image\" \/>\n<meta name=\"twitter:label1\" content=\"Dur\u00e9e de lecture estim\u00e9e\" \/>\n\t<meta name=\"twitter:data1\" content=\"4 minutes\" \/>\n<script type=\"application\/ld+json\" class=\"yoast-schema-graph\">{\"@context\":\"https:\\\/\\\/schema.org\",\"@graph\":[{\"@type\":\"WebPage\",\"@id\":\"https:\\\/\\\/lejuraacheval.ch\\\/\",\"url\":\"https:\\\/\\\/lejuraacheval.ch\\\/\",\"name\":\"Reiten im Jura - lejuraacheval.ch\",\"isPartOf\":{\"@id\":\"https:\\\/\\\/lejuraacheval.ch\\\/#website\"},\"primaryImageOfPage\":{\"@id\":\"https:\\\/\\\/lejuraacheval.ch\\\/#primaryimage\"},\"image\":{\"@id\":\"https:\\\/\\\/lejuraacheval.ch\\\/#primaryimage\"},\"thumbnailUrl\":\"https:\\\/\\\/lejuraacheval.ch\\\/wp-content\\\/uploads\\\/2024\\\/04\\\/Bild7-300x225.jpg\",\"datePublished\":\"2024-04-08T18:44:09+00:00\",\"dateModified\":\"2025-10-13T06:05:57+00:00\",\"description\":\"Pferd im Jura? Die Pferde sind unser Spiegel und erm\u00f6glichen uns zu lernen, sofern wir dies wollen und zulassen. Jetzt eintauchen!\",\"breadcrumb\":{\"@id\":\"https:\\\/\\\/lejuraacheval.ch\\\/#breadcrumb\"},\"inLanguage\":\"fr-FR\",\"potentialAction\":[{\"@type\":\"ReadAction\",\"target\":[\"https:\\\/\\\/lejuraacheval.ch\\\/\"]}]},{\"@type\":\"ImageObject\",\"inLanguage\":\"fr-FR\",\"@id\":\"https:\\\/\\\/lejuraacheval.ch\\\/#primaryimage\",\"url\":\"https:\\\/\\\/lejuraacheval.ch\\\/wp-content\\\/uploads\\\/2024\\\/04\\\/Bild7-300x225.jpg\",\"contentUrl\":\"https:\\\/\\\/lejuraacheval.ch\\\/wp-content\\\/uploads\\\/2024\\\/04\\\/Bild7-300x225.jpg\"},{\"@type\":\"BreadcrumbList\",\"@id\":\"https:\\\/\\\/lejuraacheval.ch\\\/#breadcrumb\",\"itemListElement\":[{\"@type\":\"ListItem\",\"position\":1,\"name\":\"Startseite\",\"item\":\"https:\\\/\\\/lejuraacheval.ch\\\/\"},{\"@type\":\"ListItem\",\"position\":2,\"name\":\"Startseite\"}]},{\"@type\":\"WebSite\",\"@id\":\"https:\\\/\\\/lejuraacheval.ch\\\/#website\",\"url\":\"https:\\\/\\\/lejuraacheval.ch\\\/\",\"name\":\"lejuraacheval.ch\",\"description\":\"\",\"potentialAction\":[{\"@type\":\"SearchAction\",\"target\":{\"@type\":\"EntryPoint\",\"urlTemplate\":\"https:\\\/\\\/lejuraacheval.ch\\\/?s={search_term_string}\"},\"query-input\":{\"@type\":\"PropertyValueSpecification\",\"valueRequired\":true,\"valueName\":\"search_term_string\"}}],\"inLanguage\":\"fr-FR\"}]}<\/script>\n<!-- \/ Yoast SEO plugin. -->","yoast_head_json":{"title":"Reiten im Jura - lejuraacheval.ch","description":"Pferd im Jura? Die Pferde sind unser Spiegel und erm\u00f6glichen uns zu lernen, sofern wir dies wollen und zulassen. Jetzt eintauchen!","robots":{"index":"index","follow":"follow","max-snippet":"max-snippet:-1","max-image-preview":"max-image-preview:large","max-video-preview":"max-video-preview:-1"},"canonical":"https:\/\/lejuraacheval.ch\/fr_ch\/","og_locale":"fr_FR","og_type":"article","og_title":"Reiten im Jura - lejuraacheval.ch","og_description":"Pferd im Jura? Die Pferde sind unser Spiegel und erm\u00f6glichen uns zu lernen, sofern wir dies wollen und zulassen. Jetzt eintauchen!","og_url":"https:\/\/lejuraacheval.ch\/fr_ch\/","og_site_name":"lejuraacheval.ch","article_modified_time":"2025-10-13T06:05:57+00:00","og_image":[{"url":"https:\/\/lejuraacheval.ch\/wp-content\/uploads\/2024\/04\/Bild7-300x225.jpg","type":"","width":"","height":""}],"twitter_card":"summary_large_image","twitter_misc":{"Dur\u00e9e de lecture estim\u00e9e":"4 minutes"},"schema":{"@context":"https:\/\/schema.org","@graph":[{"@type":"WebPage","@id":"https:\/\/lejuraacheval.ch\/","url":"https:\/\/lejuraacheval.ch\/","name":"Reiten im Jura - lejuraacheval.ch","isPartOf":{"@id":"https:\/\/lejuraacheval.ch\/#website"},"primaryImageOfPage":{"@id":"https:\/\/lejuraacheval.ch\/#primaryimage"},"image":{"@id":"https:\/\/lejuraacheval.ch\/#primaryimage"},"thumbnailUrl":"https:\/\/lejuraacheval.ch\/wp-content\/uploads\/2024\/04\/Bild7-300x225.jpg","datePublished":"2024-04-08T18:44:09+00:00","dateModified":"2025-10-13T06:05:57+00:00","description":"Pferd im Jura? Die Pferde sind unser Spiegel und erm\u00f6glichen uns zu lernen, sofern wir dies wollen und zulassen. Jetzt eintauchen!","breadcrumb":{"@id":"https:\/\/lejuraacheval.ch\/#breadcrumb"},"inLanguage":"fr-FR","potentialAction":[{"@type":"ReadAction","target":["https:\/\/lejuraacheval.ch\/"]}]},{"@type":"ImageObject","inLanguage":"fr-FR","@id":"https:\/\/lejuraacheval.ch\/#primaryimage","url":"https:\/\/lejuraacheval.ch\/wp-content\/uploads\/2024\/04\/Bild7-300x225.jpg","contentUrl":"https:\/\/lejuraacheval.ch\/wp-content\/uploads\/2024\/04\/Bild7-300x225.jpg"},{"@type":"BreadcrumbList","@id":"https:\/\/lejuraacheval.ch\/#breadcrumb","itemListElement":[{"@type":"ListItem","position":1,"name":"Startseite","item":"https:\/\/lejuraacheval.ch\/"},{"@type":"ListItem","position":2,"name":"Startseite"}]},{"@type":"WebSite","@id":"https:\/\/lejuraacheval.ch\/#website","url":"https:\/\/lejuraacheval.ch\/","name":"lejuraacheval.ch","description":"","potentialAction":[{"@type":"SearchAction","target":{"@type":"EntryPoint","urlTemplate":"https:\/\/lejuraacheval.ch\/?s={search_term_string}"},"query-input":{"@type":"PropertyValueSpecification","valueRequired":true,"valueName":"search_term_string"}}],"inLanguage":"fr-FR"}]}},"jetpack_sharing_enabled":true,"_links":{"self":[{"href":"https:\/\/lejuraacheval.ch\/fr_ch\/wp-json\/wp\/v2\/pages\/34","targetHints":{"allow":["GET"]}}],"collection":[{"href":"https:\/\/lejuraacheval.ch\/fr_ch\/wp-json\/wp\/v2\/pages"}],"about":[{"href":"https:\/\/lejuraacheval.ch\/fr_ch\/wp-json\/wp\/v2\/types\/page"}],"author":[{"embeddable":true,"href":"https:\/\/lejuraacheval.ch\/fr_ch\/wp-json\/wp\/v2\/users\/2"}],"replies":[{"embeddable":true,"href":"https:\/\/lejuraacheval.ch\/fr_ch\/wp-json\/wp\/v2\/comments?post=34"}],"version-history":[{"count":11,"href":"https:\/\/lejuraacheval.ch\/fr_ch\/wp-json\/wp\/v2\/pages\/34\/revisions"}],"predecessor-version":[{"id":229,"href":"https:\/\/lejuraacheval.ch\/fr_ch\/wp-json\/wp\/v2\/pages\/34\/revisions\/229"}],"wp:attachment":[{"href":"https:\/\/lejuraacheval.ch\/fr_ch\/wp-json\/wp\/v2\/media?parent=34"}],"curies":[{"name":"wp","href":"https:\/\/api.w.org\/{rel}","templated":true}]}}